{"id":246,"date":"2025-11-19T14:53:14","date_gmt":"2025-11-19T13:53:14","guid":{"rendered":"https:\/\/almamodesty.fr\/blog\/?page_id=246"},"modified":"2025-11-19T14:53:14","modified_gmt":"2025-11-19T13:53:14","slug":"qui-suis-je","status":"publish","type":"page","link":"https:\/\/almamodesty.fr\/blog\/qui-suis-je\/","title":{"rendered":"Qui suis-je?"},"content":{"rendered":"\n<p><strong>\ud83c\udf38<\/strong><strong>&nbsp;\u00c0 propos d\u2019Alma Stories<\/strong><\/p>\n\n\n\n<p>Coucou et bienvenue sur&nbsp;<strong>Alma Stories<\/strong>&nbsp;! \ud83c\udf38<\/p>\n\n\n\n<p>Je m\u2019appelle Alma, et je suis la fondatrice d\u2019AlmaModesty. Ici, je voulais cr\u00e9er\u00a0<strong>un petit coin chaleureux pour partager mes passions<\/strong>, mes id\u00e9es et mes d\u00e9couvertes autour de la vie quotidienne d&rsquo;une maman, et surtout, de tout ce qui peut nous aider \u00e0 nous sentir belles et bien dans notre peau.<\/p>\n\n\n\n<p>Alma Stories, ce n\u2019est pas juste un blog : c\u2019est&nbsp;<strong>un espace pour se sentir inspir\u00e9e<\/strong>, pour trouver des astuces, des conseils ou juste un peu de douceur au quotidien. J\u2019y partage des histoires, des inspirations, parfois des petits secrets de style\u2026 et tout ce que j\u2019aimerais savoir quand je cherche \u00e0 me sentir confiante et \u00e9l\u00e9gante.<\/p>\n\n\n\n<p>Depuis toujours, j\u2019ai voulu\u00a0<strong>partager avec les autres<\/strong>, mais je ne savais pas toujours par quel moyen. Pour moi, <strong>l\u2019\u00e9criture reste le moyen le plus sinc\u00e8re et naturel<\/strong>\u00a0de me raconter et de transmettre ce qui m\u2019inspire au quotidien.<\/p>\n\n\n\n<p>Je suis l\u00e0 pour&nbsp;<strong>vous donner des id\u00e9es, vous motiver et partager des moments qui nous ressemblent<\/strong>, parce que je crois qu\u2019on peut toutes se sentir belles, m\u00eame dans la simplicit\u00e9, et c\u00e9l\u00e9brer notre style avec authenticit\u00e9.<\/p>\n\n\n\n<p>Sur Alma Stories, tu trouveras :<\/p>\n\n\n\n<ul class=\"wp-block-list\">\n<li>Mes\u00a0<strong>histoires de femme et de maman<\/strong><\/li>\n\n\n\n<li>Mes\u00a0<strong>bons plans et astuces du quotidien<\/strong><\/li>\n\n\n\n<li>Mes\u00a0<strong>recettes et petits moments de vie<\/strong><\/li>\n\n\n\n<li>Une\u00a0<strong>touche orientale<\/strong>\u00a0qui refl\u00e8te mes racines et mon univers<\/li>\n<\/ul>\n\n\n\n<p>C\u2019est un espace&nbsp;<strong>sinc\u00e8re, sans filtres<\/strong>, o\u00f9 je partage ce qui m\u2019inspire, ce que j\u2019apprends et ce que je vis.<\/p>\n\n\n\n<p>\u00c0 travers Alma Stories, j\u2019ai envie de&nbsp;<strong>c\u00e9l\u00e9brer la beaut\u00e9 de la vie simple<\/strong>, cette fa\u00e7on d\u2019\u00eatre soi-m\u00eame avec&nbsp;<strong>pudeur, authenticit\u00e9 et douceur<\/strong>.<br>Parce que chaque femme a sa lumi\u00e8re, son histoire, sa force\u2026 et la mienne, je la partage ici, avec toi. \ud83d\udc9b<\/p>\n\n\n\n<p>Alors installez-vous confortablement, prenez un caf\u00e9, et venez parcourir Alma Stories comme si vous veniez discuter entre amies. \ud83d\udc95<br>Merci d\u2019\u00eatre l\u00e0 et de faire partie de cette aventure avec moi !<\/p>\n\n\n\n<p><\/p>\n","protected":false},"excerpt":{"rendered":"<p>\ud83c\udf38&nbsp;\u00c0 propos d\u2019Alma Stories Coucou et bienvenue sur&nbsp;Alma Stories&nbsp;! \ud83c\udf38 Je m\u2019appelle Alma, et je suis la fondatrice d\u2019AlmaModesty. Ici, je voulais cr\u00e9er\u00a0un petit coin &hellip; <\/p>\n","protected":false},"author":1,"featured_media":0,"parent":0,"menu_order":0,"comment_status":"closed","ping_status":"closed","template":"","meta":{"footnotes":""},"class_list":["post-246","page","type-page","status-publish","hentry","latest_post"],"_links":{"self":[{"href":"https:\/\/almamodesty.fr\/blog\/wp-json\/wp\/v2\/pages\/246","targetHints":{"allow":["GET"]}}],"collection":[{"href":"https:\/\/almamodesty.fr\/blog\/wp-json\/wp\/v2\/pages"}],"about":[{"href":"https:\/\/almamodesty.fr\/blog\/wp-json\/wp\/v2\/types\/page"}],"author":[{"embeddable":true,"href":"https:\/\/almamodesty.fr\/blog\/wp-json\/wp\/v2\/users\/1"}],"replies":[{"embeddable":true,"href":"https:\/\/almamodesty.fr\/blog\/wp-json\/wp\/v2\/comments?post=246"}],"version-history":[{"count":1,"href":"https:\/\/almamodesty.fr\/blog\/wp-json\/wp\/v2\/pages\/246\/revisions"}],"predecessor-version":[{"id":247,"href":"https:\/\/almamodesty.fr\/blog\/wp-json\/wp\/v2\/pages\/246\/revisions\/247"}],"wp:attachment":[{"href":"https:\/\/almamodesty.fr\/blog\/wp-json\/wp\/v2\/media?parent=246"}],"curies":[{"name":"wp","href":"https:\/\/api.w.org\/{rel}","templated":true}]}}