{"id":105,"date":"2025-11-11T21:19:14","date_gmt":"2025-11-11T20:19:14","guid":{"rendered":"https:\/\/almamodesty.fr\/blog\/?page_id=105"},"modified":"2025-11-19T15:27:37","modified_gmt":"2025-11-19T14:27:37","slug":"alma-stories","status":"publish","type":"page","link":"https:\/\/almamodesty.fr\/blog\/","title":{"rendered":"Accueil"},"content":{"rendered":"\n<p><strong>Bienvenue sur Alma Stories \ud83d\udc9b<\/strong><br>Bienvenue dans mon petit univers de maman o\u00f9 je partage, avec simplicit\u00e9 et sinc\u00e9rit\u00e9, notre&nbsp;<strong>quotidien de famille<\/strong>, nos&nbsp;<strong>sorties en famille<\/strong>, mes&nbsp;<strong>bons plans de maman<\/strong>, mes&nbsp;<strong>d\u00e9couvertes lifestyle<\/strong>, et toutes ces petites choses qui rendent la vie plus douce.<\/p>\n\n\n\n<p>Sur ce blog lifestyle, tu trouveras des&nbsp;<strong>id\u00e9es d\u2019activit\u00e9s pour enfants<\/strong>, des&nbsp;<strong>inspirations pour les mamans<\/strong>, des&nbsp;<strong>astuces d\u2019organisation familiale<\/strong>, des&nbsp;<strong>id\u00e9es de sorties<\/strong>, et plein de conseils du quotidien test\u00e9s et approuv\u00e9s par une vraie maman.<\/p>\n\n\n\n<p>Ici, pas de perfection : juste la vraie vie, avec ses rires, ses impr\u00e9vus, ses moments tendres et ses belles d\u00e9couvertes.<br>Si tu aimes les contenus authentiques, les histoires de maman et les partages sinc\u00e8res, tu vas te sentir chez toi.<\/p>\n\n\n\n<p class=\"has-black-color has-text-color has-link-color wp-elements-a169ebea51f06158dc2248a4f7200e61\">Installe-toi confortablement, explore, prends ce dont tu as besoin.<br>J\u2019esp\u00e8re que mes partages t\u2019inspireront, t\u2019aideront dans ton quotidien de maman et t\u2019apporteront un peu de douceur.<\/p>\n\n\n\n<p>Merci d\u2019\u00eatre l\u00e0, de prendre le temps de me lire et de suivre nos petites histoires.<br>J\u2019ai h\u00e2te de te faire d\u00e9couvrir nos prochaines aventures, et peut-\u00eatre m\u00eame de t\u2019accompagner un peu dans les tiennes \ud83c\udf3f\u2728<\/p>\n\n\n<ul class=\"wp-block-latest-posts__list is-grid columns-3 has-link-color wp-elements-674cda6e15acde47046bbaa3311cd166 wp-block-latest-posts has-text-color has-pale-pink-color has-medium-font-size\"><li><div class=\"wp-block-latest-posts__featured-image aligncenter\"><img loading=\"lazy\" decoding=\"async\" width=\"840\" height=\"296\" src=\"https:\/\/almamodesty.fr\/blog\/wp-content\/uploads\/2025\/11\/Design-sans-titre-33-1024x361.png\" class=\"attachment-large size-large wp-post-image\" alt=\"\" style=\"\" srcset=\"https:\/\/almamodesty.fr\/blog\/wp-content\/uploads\/2025\/11\/Design-sans-titre-33-1024x361.png 1024w, https:\/\/almamodesty.fr\/blog\/wp-content\/uploads\/2025\/11\/Design-sans-titre-33-300x106.png 300w, https:\/\/almamodesty.fr\/blog\/wp-content\/uploads\/2025\/11\/Design-sans-titre-33-768x271.png 768w, https:\/\/almamodesty.fr\/blog\/wp-content\/uploads\/2025\/11\/Design-sans-titre-33-170x60.png 170w, https:\/\/almamodesty.fr\/blog\/wp-content\/uploads\/2025\/11\/Design-sans-titre-33.png 1220w\" sizes=\"auto, (max-width: 840px) 100vw, 840px\" \/><\/div><a class=\"wp-block-latest-posts__post-title\" href=\"https:\/\/almamodesty.fr\/blog\/2025\/11\/19\/%f0%9f%8e%aa-une-parenthese-enchantee-au-cirque-pinder-notre-sortie-en-famille-pleine-demotions\/\">\ud83c\udfaa Une parenth\u00e8se enchant\u00e9e au cirque Pinder : notre sortie en famille pleine d\u2019\u00e9motions<\/a><\/li>\n<li><div class=\"wp-block-latest-posts__featured-image aligncenter\"><img loading=\"lazy\" decoding=\"async\" width=\"840\" height=\"296\" src=\"https:\/\/almamodesty.fr\/blog\/wp-content\/uploads\/2025\/11\/Design-sans-titre-34-1024x361.png\" class=\"attachment-large size-large wp-post-image\" alt=\"\" style=\"\" srcset=\"https:\/\/almamodesty.fr\/blog\/wp-content\/uploads\/2025\/11\/Design-sans-titre-34-1024x361.png 1024w, https:\/\/almamodesty.fr\/blog\/wp-content\/uploads\/2025\/11\/Design-sans-titre-34-300x106.png 300w, https:\/\/almamodesty.fr\/blog\/wp-content\/uploads\/2025\/11\/Design-sans-titre-34-768x271.png 768w, https:\/\/almamodesty.fr\/blog\/wp-content\/uploads\/2025\/11\/Design-sans-titre-34-170x60.png 170w, https:\/\/almamodesty.fr\/blog\/wp-content\/uploads\/2025\/11\/Design-sans-titre-34.png 1220w\" sizes=\"auto, (max-width: 840px) 100vw, 840px\" \/><\/div><a class=\"wp-block-latest-posts__post-title\" href=\"https:\/\/almamodesty.fr\/blog\/2025\/11\/05\/des-gouters-maison-simples-pour-les-enfants\/\">Des go\u00fbters maison simples pour les enfants<\/a><\/li>\n<li><div class=\"wp-block-latest-posts__featured-image aligncenter\"><img loading=\"lazy\" decoding=\"async\" width=\"840\" height=\"296\" src=\"https:\/\/almamodesty.fr\/blog\/wp-content\/uploads\/2025\/11\/Design-sans-titre-35-1024x361.png\" class=\"attachment-large size-large wp-post-image\" alt=\"\" style=\"\" srcset=\"https:\/\/almamodesty.fr\/blog\/wp-content\/uploads\/2025\/11\/Design-sans-titre-35-1024x361.png 1024w, https:\/\/almamodesty.fr\/blog\/wp-content\/uploads\/2025\/11\/Design-sans-titre-35-300x106.png 300w, https:\/\/almamodesty.fr\/blog\/wp-content\/uploads\/2025\/11\/Design-sans-titre-35-768x271.png 768w, https:\/\/almamodesty.fr\/blog\/wp-content\/uploads\/2025\/11\/Design-sans-titre-35-170x60.png 170w, https:\/\/almamodesty.fr\/blog\/wp-content\/uploads\/2025\/11\/Design-sans-titre-35.png 1220w\" sizes=\"auto, (max-width: 840px) 100vw, 840px\" \/><\/div><a class=\"wp-block-latest-posts__post-title\" href=\"https:\/\/almamodesty.fr\/blog\/2025\/11\/02\/bonjour-tout-le-monde\/\">Mes petits rituels du matin pour me recentrer!<\/a><\/li>\n<\/ul>\n\n\n<p><\/p>\n","protected":false},"excerpt":{"rendered":"<p>Bienvenue sur Alma Stories \ud83d\udc9bBienvenue dans mon petit univers de maman o\u00f9 je partage, avec simplicit\u00e9 et sinc\u00e9rit\u00e9, notre&nbsp;quotidien de famille, nos&nbsp;sorties en famille, mes&nbsp;bons &hellip; <\/p>\n","protected":false},"author":1,"featured_media":239,"parent":0,"menu_order":0,"comment_status":"closed","ping_status":"closed","template":"","meta":{"footnotes":""},"class_list":["post-105","page","type-page","status-publish","has-post-thumbnail","hentry","latest_post"],"_links":{"self":[{"href":"https:\/\/almamodesty.fr\/blog\/wp-json\/wp\/v2\/pages\/105","targetHints":{"allow":["GET"]}}],"collection":[{"href":"https:\/\/almamodesty.fr\/blog\/wp-json\/wp\/v2\/pages"}],"about":[{"href":"https:\/\/almamodesty.fr\/blog\/wp-json\/wp\/v2\/types\/page"}],"author":[{"embeddable":true,"href":"https:\/\/almamodesty.fr\/blog\/wp-json\/wp\/v2\/users\/1"}],"replies":[{"embeddable":true,"href":"https:\/\/almamodesty.fr\/blog\/wp-json\/wp\/v2\/comments?post=105"}],"version-history":[{"count":51,"href":"https:\/\/almamodesty.fr\/blog\/wp-json\/wp\/v2\/pages\/105\/revisions"}],"predecessor-version":[{"id":240,"href":"https:\/\/almamodesty.fr\/blog\/wp-json\/wp\/v2\/pages\/105\/revisions\/240"}],"wp:featuredmedia":[{"embeddable":true,"href":"https:\/\/almamodesty.fr\/blog\/wp-json\/wp\/v2\/media\/239"}],"wp:attachment":[{"href":"https:\/\/almamodesty.fr\/blog\/wp-json\/wp\/v2\/media?parent=105"}],"curies":[{"name":"wp","href":"https:\/\/api.w.org\/{rel}","templated":true}]}}